{"id":2213,"date":"2014-11-12T09:23:57","date_gmt":"2014-11-12T08:23:57","guid":{"rendered":"http:\/\/www.sgmeschede-nord.de\/wpress\/?page_id=2213"},"modified":"2015-01-23T19:53:26","modified_gmt":"2015-01-23T18:53:26","slug":"kreisschutzenfest","status":"publish","type":"page","link":"https:\/\/www.sgmeschede-nord.de\/wpress\/fotos-2\/2014-2\/kreisschutzenfest\/","title":{"rendered":"Kreissch\u00fctzenfest"},"content":{"rendered":"<h3><font color=\"#0F3F74\"><strong>23. Kreissch\u00fctzenfest in Meschede-Nord<\/strong><\/font><\/h3>\n<p><img decoding=\"async\" src=\"http:\/\/www.sgmeschede-nord.de\/wpress\/wp-content\/uploads\/2014\/11\/logo-ksf-fotoseite.jpg\"><\/p>\n<p>Das 23. Kreissch\u00fctzenfest vom 05.-07. September 2014 begann mit dem Kreisjungsch\u00fctzenfest am Freitag ab 19.30 Uhr im Festzelt mit der weit bekannten Coverband \u201eSuperliquid\u201c, die mit ihrer ausgefeilten B\u00fchnenshow und absoluter Publikumsn\u00e4he vom ersten Ton an f\u00fcr absolute Stimmung sorgt. <\/p>\n<p>&nbsp;<br \/>\n<strong>Fotos Kreisjungsch\u00fctzenfete (05. September 2014)<\/strong><br \/>\n<a href=\"http:\/\/www.sgmeschede-nord.de\/wpress\/?page_id=2599\">Fotos anzeigen >>> <\/a><\/p>\n<p><img decoding=\"async\" src=\"http:\/\/www.sgmeschede-nord.de\/wpress\/wp-content\/uploads\/2014\/11\/ksf-freitag-fotoseite.jpg\"><\/p>\n<p>&nbsp;<\/p>\n<p>Der Samstag stand im Zeichen des Vogelschie\u00dfens. Nach der Kranzniederlegung am Vertriebenendenkmal und der Sch\u00fctzenmesse am Festplatz wurde zuerst an der mobilen Vogelschie\u00dfanlage neben dem Festgel\u00e4nde der neue Kreisjungsch\u00fctzenk\u00f6nig ermittelt. Neue Kreisjungsch\u00fctzenk\u00f6nig des Kreissch\u00fctzenbundes Meschede wurde Max B\u00fcsse von der St.-Georgs-Sch\u00fctzenbruderschaft Meschede. Er l\u00f6ste Karsten Becker aus Ostwig im Amt ab. 26 Jungsch\u00fctzen waren auf dem von den ausrichtenden Nordsch\u00fctzen bestens pr\u00e4parierten Festgel\u00e4nde in Enste angetreten, um den von Frank Teutenberg von der Sch\u00fctzengemeinschaft Meschede-Nord geschaffenen K\u00f6nigsaar den Garaus zu machen. Doch der dachte gar nicht daran, so schnell zu kapitulieren. Erst nach 135 Minuten und dem 256. Schuss &#8211; es standen immer noch 19 ernsthafte Bewerber in Lauerstellung &#8211; fielen dann die letzten Splitter des Vogels aus dem Kugelfang der mobilen Schie\u00dfanlage, und die St.-Georgs-Sch\u00fctzen freuten sich unb\u00e4ndig. <\/p>\n<p>Danach folgt der spannende Kampf um den Titel des Kreissch\u00fctzenk\u00f6nigs, den Oliver Stempel von der St.-Hubertus-Bruderschaft Andreasberg-D\u00f6rnberg f\u00fcr sich entscheiden konnte. 32 von 43 amtierenden K\u00f6nigen des Kreissch\u00fctzenbundes Meschede waren angetreten \u2013 und immerhin 22 hielten bis zum Ende durch.<br \/>\nDie Proklamation der neuen Majest\u00e4ten erfolgt um 20 Uhr. Nach dem Zapfenstreich wurde mit der Showband \u201eNightlife\u201c im Zelt lustig weitergefeiert. <\/p>\n<p>&nbsp;<\/p>\n<p><strong>Fotos Samstag, 06. September 2014<\/strong><br \/>\n<a href=\"http:\/\/www.sgmeschede-nord.de\/wpress\/?page_id=2644\">Fotos anzeigen >>> <\/a><\/p>\n<p><img decoding=\"async\" src=\"http:\/\/www.sgmeschede-nord.de\/wpress\/wp-content\/uploads\/2014\/11\/ksf-samstag-fotoseite.jpg\"><\/p>\n<p>&nbsp;<\/p>\n<p>H\u00f6hepunkt am Sonntag war nat\u00fcrlich der gro\u00dfe Festzug. Ab 12.30 Uhr trafen die Sch\u00fctzenvereine, -gesellschaften, -bruderschaften und -gemeinschaften ein. Nach dem Sektempfang der Ehreng\u00e4ste im VIP-Bereich des Festzeltes und den Ansprachen von Kreisoberst Addi Grooten, B\u00fcrgermeister Uli Hess und dem Vorsitzenden des Gastgebers Werner Hoffmann setzte sich um 14 Uhr der Festumzug im Schlahbruch aus in Bewegung.<\/p>\n<p>Die Freude der vielen Zuschauer aus dem Altkreis Meschede war k\u00f6rperlich sp\u00fcrbar.<br \/>\nAlle dem Kreissch\u00fctzenbund Meschede angeschlossenen Gastvereine wurden mit Beifall \u00fcbersch\u00fcttet. Das \u201eAh\u201c und \u201eOh\u201c beim Vorbeimarsch der K\u00f6nigspaare und ihren gro\u00dfen Hofstaatformationen in ihren einfach grandiosen Kleidern hatten schon die Anreise gelohnt. Teilnehmer aus 42 Vereinen und Bruderschaften waren dabei. Aber auch die insgesamt 20 Musikkapellen, Tambourcorps und Spielmannsz\u00fcge gaben im Festzug in ihren pr\u00e4chtigen Uniformen nicht nur ein tolles Bild ab, sondern gl\u00e4nzten auch mit ihren musikalischen Darbietungen. In den beiden Festzelten klang das 23. Kreissch\u00fctzenfest bei Unterhaltungsmusik und Tanz langsam aus.<\/p>\n<p>&nbsp;<\/p>\n<p><strong>Fotos Sonntag, 07. September 2014<\/strong><br \/>\n<a href=\"http:\/\/www.sgmeschede-nord.de\/wpress\/?page_id=2741\">Fotos anzeigen >>> <\/a><\/p>\n<p><img decoding=\"async\" src=\"http:\/\/www.sgmeschede-nord.de\/wpress\/wp-content\/uploads\/2014\/11\/ksf-sonntag-fotoseite.jpg\"><\/p>\n","protected":false},"excerpt":{"rendered":"<p>23. Kreissch\u00fctzenfest in Meschede-Nord Das 23. Kreissch\u00fctzenfest vom 05.-07. September 2014 begann mit dem Kreisjungsch\u00fctzenfest am Freitag ab 19.30 Uhr im Festzelt mit der weit bekannten Coverband \u201eSuperliquid\u201c, die mit ihrer ausgefeilten B\u00fchnenshow und absoluter Publikumsn\u00e4he vom ersten Ton an f\u00fcr absolute Stimmung sorgt. &nbsp; Fotos Kreisjungsch\u00fctzenfete (05. September 2014) Fotos anzeigen >>> &nbsp; Der Samstag stand im Zeichen des [&#8230;]<\/p>\n","protected":false},"author":1,"featured_media":0,"parent":1563,"menu_order":16,"comment_status":"closed","ping_status":"closed","template":"template-fullwidth.php","meta":{"pgc_sgb_lightbox_settings":"","footnotes":""},"class_list":["post-2213","page","type-page","status-publish","hentry"],"_links":{"self":[{"href":"https:\/\/www.sgmeschede-nord.de\/wpress\/wp-json\/wp\/v2\/pages\/2213","targetHints":{"allow":["GET"]}}],"collection":[{"href":"https:\/\/www.sgmeschede-nord.de\/wpress\/wp-json\/wp\/v2\/pages"}],"about":[{"href":"https:\/\/www.sgmeschede-nord.de\/wpress\/wp-json\/wp\/v2\/types\/page"}],"author":[{"embeddable":true,"href":"https:\/\/www.sgmeschede-nord.de\/wpress\/wp-json\/wp\/v2\/users\/1"}],"replies":[{"embeddable":true,"href":"https:\/\/www.sgmeschede-nord.de\/wpress\/wp-json\/wp\/v2\/comments?post=2213"}],"version-history":[{"count":14,"href":"https:\/\/www.sgmeschede-nord.de\/wpress\/wp-json\/wp\/v2\/pages\/2213\/revisions"}],"predecessor-version":[{"id":3062,"href":"https:\/\/www.sgmeschede-nord.de\/wpress\/wp-json\/wp\/v2\/pages\/2213\/revisions\/3062"}],"up":[{"embeddable":true,"href":"https:\/\/www.sgmeschede-nord.de\/wpress\/wp-json\/wp\/v2\/pages\/1563"}],"wp:attachment":[{"href":"https:\/\/www.sgmeschede-nord.de\/wpress\/wp-json\/wp\/v2\/media?parent=2213"}],"curies":[{"name":"wp","href":"https:\/\/api.w.org\/{rel}","templated":true}]}}