{"id":4037,"date":"2016-06-23T10:50:06","date_gmt":"2016-06-23T08:50:06","guid":{"rendered":"http:\/\/www.sgmeschede-nord.de\/wpress\/?page_id=4037"},"modified":"2025-06-29T18:19:47","modified_gmt":"2025-06-29T16:19:47","slug":"_nordwind","status":"publish","type":"page","link":"https:\/\/www.sgmeschede-nord.de\/wpress\/_nordwind\/","title":{"rendered":"Mescheder-Nordwind"},"content":{"rendered":"<div id=\"pl-4037\"  class=\"panel-layout\" ><div id=\"pg-4037-0\"  class=\"panel-grid panel-no-style\" ><div id=\"pgc-4037-0-0\"  class=\"panel-grid-cell\" ><div id=\"panel-4037-0-0-0\" class=\"so-panel widget widget_text panel-first-child panel-last-child\" data-index=\"0\" ><h3 class=\"widget-title\">Festzeitschrift<\/h3>\t\t\t<div class=\"textwidget\"><p>Im Fr\u00fchjahr 1995 entstand erstmals die Idee eine Sch\u00fctzenfestzeitung, den \u201eMescheder Nordwind\u201c zu ver\u00f6ffentlichen. Das Magazin wird jeweils in der Woche vor dem Sch\u00fctzenfest an Mescheder Haushalte verteilt. Ein gro\u00dfes Dankesch\u00f6n geht an dieses Stelle an die vielen Sponsoren, die das Erscheinen der Zeitung erst erm\u00f6glichen.<\/p>\n<\/div>\n\t\t<\/div><\/div><\/div><div id=\"pg-4037-1\"  class=\"panel-grid panel-no-style\" ><div id=\"pgc-4037-1-0\"  class=\"panel-grid-cell\" ><div id=\"panel-4037-1-0-0\" class=\"widget_text so-panel widget widget_custom_html panel-first-child\" data-index=\"1\" ><h3 class=\"widget-title\">Nordwind 2025<\/h3><div class=\"textwidget custom-html-widget\"><strong><a href=\"https:\/\/www.sgmeschede-nord.de\/wpress\/wp-content\/uploads\/2025\/06\/Nordwind2025_web.pdf\" target=\"_blank\"> &raquo Download<\/a><\/strong><\/div><\/div><div id=\"panel-4037-1-0-1\" class=\"so-panel widget widget_sow-image panel-last-child\" data-index=\"2\" ><div\n\t\t\t\n\t\t\tclass=\"so-widget-sow-image so-widget-sow-image-default-8b5b6f678277-4037\"\n\t\t\t\n\t\t>\n<div class=\"sow-image-container\">\n\t\t\t<a href=\"https:\/\/www.sgmeschede-nord.de\/wpress\/wp-content\/uploads\/2025\/06\/Nordwind2025_web.pdf\"\n\t\t\t\t\t>\n\t\t\t<img \n\tsrc=\"https:\/\/www.sgmeschede-nord.de\/wpress\/wp-content\/uploads\/2025\/06\/Nordwind2025-cover-web.png\" width=\"220\" height=\"310\" srcset=\"https:\/\/www.sgmeschede-nord.de\/wpress\/wp-content\/uploads\/2025\/06\/Nordwind2025-cover-web.png 220w, https:\/\/www.sgmeschede-nord.de\/wpress\/wp-content\/uploads\/2025\/06\/Nordwind2025-cover-web-213x300.png 213w\" sizes=\"(max-width: 220px) 100vw, 220px\" alt=\"\" \t\tclass=\"so-widget-image\"\/>\n\t\t\t<\/a><\/div>\n\n<\/div><\/div><\/div><div id=\"pgc-4037-1-1\"  class=\"panel-grid-cell\" ><div id=\"panel-4037-1-1-0\" class=\"widget_text so-panel widget widget_custom_html panel-first-child\" data-index=\"3\" ><h3 class=\"widget-title\">Nordwind 2024<\/h3><div class=\"textwidget custom-html-widget\"><strong><a href=\"https:\/\/www.sgmeschede-nord.de\/wpress\/wp-content\/uploads\/2024\/06\/Nordwind2024_web.pdf\" target=\"_blank\"> &raquo Download<\/a><\/strong><\/div><\/div><div id=\"panel-4037-1-1-1\" class=\"so-panel widget widget_sow-image panel-last-child\" data-index=\"4\" ><div\n\t\t\t\n\t\t\tclass=\"so-widget-sow-image so-widget-sow-image-default-8b5b6f678277-4037\"\n\t\t\t\n\t\t>\n<div class=\"sow-image-container\">\n\t\t\t<a href=\"https:\/\/www.sgmeschede-nord.de\/wpress\/wp-content\/uploads\/2024\/06\/Nordwind2024_web.pdf\"\n\t\t\t\t\t>\n\t\t\t<img \n\tsrc=\"https:\/\/www.sgmeschede-nord.de\/wpress\/wp-content\/uploads\/2024\/06\/nordwind2024-cover-web.png\" width=\"220\" height=\"310\" srcset=\"https:\/\/www.sgmeschede-nord.de\/wpress\/wp-content\/uploads\/2024\/06\/nordwind2024-cover-web.png 220w, https:\/\/www.sgmeschede-nord.de\/wpress\/wp-content\/uploads\/2024\/06\/nordwind2024-cover-web-213x300.png 213w\" sizes=\"(max-width: 220px) 100vw, 220px\" alt=\"\" \t\tclass=\"so-widget-image\"\/>\n\t\t\t<\/a><\/div>\n\n<\/div><\/div><\/div><div id=\"pgc-4037-1-2\"  class=\"panel-grid-cell\" ><div id=\"panel-4037-1-2-0\" class=\"widget_text so-panel widget widget_custom_html panel-first-child\" data-index=\"5\" ><h3 class=\"widget-title\">Nordwind 2023<\/h3><div class=\"textwidget custom-html-widget\"><strong><a href=\"https:\/\/www.sgmeschede-nord.de\/wpress\/wp-content\/uploads\/2023\/06\/Nordwind2023_web.pdf\" target=\"_blank\"> &raquo Download<\/a><\/strong><\/div><\/div><div id=\"panel-4037-1-2-1\" class=\"so-panel widget widget_sow-image panel-last-child\" data-index=\"6\" ><div\n\t\t\t\n\t\t\tclass=\"so-widget-sow-image so-widget-sow-image-default-8b5b6f678277-4037\"\n\t\t\t\n\t\t>\n<div class=\"sow-image-container\">\n\t\t\t<a href=\"https:\/\/www.sgmeschede-nord.de\/wpress\/wp-content\/uploads\/2023\/06\/Nordwind2023_web.pdf\"\n\t\t\t\t\t>\n\t\t\t<img \n\tsrc=\"https:\/\/www.sgmeschede-nord.de\/wpress\/wp-content\/uploads\/2023\/06\/nordwind2023-cover-web.jpg\" width=\"220\" height=\"311\" srcset=\"https:\/\/www.sgmeschede-nord.de\/wpress\/wp-content\/uploads\/2023\/06\/nordwind2023-cover-web.jpg 220w, https:\/\/www.sgmeschede-nord.de\/wpress\/wp-content\/uploads\/2023\/06\/nordwind2023-cover-web-212x300.jpg 212w\" sizes=\"(max-width: 220px) 100vw, 220px\" alt=\"\" \t\tclass=\"so-widget-image\"\/>\n\t\t\t<\/a><\/div>\n\n<\/div><\/div><\/div><div id=\"pgc-4037-1-3\"  class=\"panel-grid-cell\" ><div id=\"panel-4037-1-3-0\" class=\"widget_text so-panel widget widget_custom_html panel-first-child\" data-index=\"7\" ><h3 class=\"widget-title\">Nordwind 2022<\/h3><div class=\"textwidget custom-html-widget\"><strong><a href=\"http:\/\/www.sgmeschede-nord.de\/wpress\/wp-content\/uploads\/2022\/06\/nordwind2022-web.pdf\" target=\"_blank\"> &raquo Download<\/a><\/strong><\/div><\/div><div id=\"panel-4037-1-3-1\" class=\"so-panel widget widget_sow-image panel-last-child\" data-index=\"8\" ><div\n\t\t\t\n\t\t\tclass=\"so-widget-sow-image so-widget-sow-image-default-8b5b6f678277-4037\"\n\t\t\t\n\t\t>\n<div class=\"sow-image-container\">\n\t\t\t<a href=\"http:\/\/www.sgmeschede-nord.de\/wpress\/wp-content\/uploads\/2022\/06\/nordwind2022-web.pdf\"\n\t\t\t\t\t>\n\t\t\t<img \n\tsrc=\"https:\/\/www.sgmeschede-nord.de\/wpress\/wp-content\/uploads\/2022\/06\/nordwind2022-Cover-web-220px.jpg\" width=\"220\" height=\"311\" srcset=\"https:\/\/www.sgmeschede-nord.de\/wpress\/wp-content\/uploads\/2022\/06\/nordwind2022-Cover-web-220px.jpg 220w, https:\/\/www.sgmeschede-nord.de\/wpress\/wp-content\/uploads\/2022\/06\/nordwind2022-Cover-web-220px-212x300.jpg 212w\" sizes=\"(max-width: 220px) 100vw, 220px\" alt=\"\" \t\tclass=\"so-widget-image\"\/>\n\t\t\t<\/a><\/div>\n\n<\/div><\/div><\/div><\/div><div id=\"pg-4037-2\"  class=\"panel-grid panel-no-style\" ><div id=\"pgc-4037-2-0\"  class=\"panel-grid-cell\" ><div id=\"panel-4037-2-0-0\" class=\"widget_text so-panel widget widget_custom_html panel-first-child\" data-index=\"9\" ><h3 class=\"widget-title\">Nordwind 2021<\/h3><div class=\"textwidget custom-html-widget\"><strong><a href=\"http:\/\/www.sgmeschede-nord.de\/wpress\/wp-content\/uploads\/2021\/07\/Nordwind_2021_32Seiten_Web.pdf\" target=\"_blank\"> &raquo Download<\/a><\/strong><\/div><\/div><div id=\"panel-4037-2-0-1\" class=\"so-panel widget widget_sow-image panel-last-child\" data-index=\"10\" ><div\n\t\t\t\n\t\t\tclass=\"so-widget-sow-image so-widget-sow-image-default-8b5b6f678277-4037\"\n\t\t\t\n\t\t>\n<div class=\"sow-image-container\">\n\t\t\t<a href=\"http:\/\/www.sgmeschede-nord.de\/wpress\/wp-content\/uploads\/2021\/07\/Nordwind_2021_32Seiten_Web.pdf\"\n\t\t\t\t\t>\n\t\t\t<img \n\tsrc=\"https:\/\/www.sgmeschede-nord.de\/wpress\/wp-content\/uploads\/2021\/07\/Nordwind_2021_32Seiten_Cover_220px.png\" width=\"220\" height=\"311\" srcset=\"https:\/\/www.sgmeschede-nord.de\/wpress\/wp-content\/uploads\/2021\/07\/Nordwind_2021_32Seiten_Cover_220px.png 220w, https:\/\/www.sgmeschede-nord.de\/wpress\/wp-content\/uploads\/2021\/07\/Nordwind_2021_32Seiten_Cover_220px-212x300.png 212w\" sizes=\"(max-width: 220px) 100vw, 220px\" alt=\"\" \t\tclass=\"so-widget-image\"\/>\n\t\t\t<\/a><\/div>\n\n<\/div><\/div><\/div><div id=\"pgc-4037-2-1\"  class=\"panel-grid-cell\" ><div id=\"panel-4037-2-1-0\" class=\"so-panel widget widget_text panel-first-child\" data-index=\"11\" ><h3 class=\"widget-title\">Nordwind 2020<\/h3>\t\t\t<div class=\"textwidget\"><strong><a href=\"http:\/\/www.sgmeschede-nord.de\/wpress\/wp-content\/uploads\/2020\/06\/Nordwind_2020_Sonderausgabe_web.pdf \" target=\"_blank\"> &raquo Download<\/a><\/strong><\/div>\n\t\t<\/div><div id=\"panel-4037-2-1-1\" class=\"so-panel widget widget_sow-image panel-last-child\" data-index=\"12\" ><div\n\t\t\t\n\t\t\tclass=\"so-widget-sow-image so-widget-sow-image-default-8b5b6f678277-4037\"\n\t\t\t\n\t\t>\n<div class=\"sow-image-container\">\n\t\t\t<a href=\"http:\/\/www.sgmeschede-nord.de\/wpress\/wp-content\/uploads\/2020\/06\/Nordwind_2020_Sonderausgabe_web.pdf\"\n\t\t\t\t\t>\n\t\t\t<img \n\tsrc=\"https:\/\/www.sgmeschede-nord.de\/wpress\/wp-content\/uploads\/2020\/06\/nordwind_2020_sonderausgabe_cover_220px.jpg\" width=\"220\" height=\"311\" srcset=\"https:\/\/www.sgmeschede-nord.de\/wpress\/wp-content\/uploads\/2020\/06\/nordwind_2020_sonderausgabe_cover_220px.jpg 220w, https:\/\/www.sgmeschede-nord.de\/wpress\/wp-content\/uploads\/2020\/06\/nordwind_2020_sonderausgabe_cover_220px-212x300.jpg 212w\" sizes=\"(max-width: 220px) 100vw, 220px\" alt=\"\" \t\tclass=\"so-widget-image\"\/>\n\t\t\t<\/a><\/div>\n\n<\/div><\/div><\/div><div id=\"pgc-4037-2-2\"  class=\"panel-grid-cell\" ><div id=\"panel-4037-2-2-0\" class=\"so-panel widget widget_text panel-first-child\" data-index=\"13\" ><h3 class=\"widget-title\">Nordwind 2019<\/h3>\t\t\t<div class=\"textwidget\"><strong><a href=\"http:\/\/www.sgmeschede-nord.de\/wpress\/wp-content\/uploads\/2019\/06\/nordwind2019_web.pdf\" target=\"_blank\"> &raquo Download<\/a><\/strong><\/div>\n\t\t<\/div><div id=\"panel-4037-2-2-1\" class=\"so-panel widget widget_sow-image panel-last-child\" data-index=\"14\" ><div\n\t\t\t\n\t\t\tclass=\"so-widget-sow-image so-widget-sow-image-default-8b5b6f678277-4037\"\n\t\t\t\n\t\t>\n<div class=\"sow-image-container\">\n\t\t\t<a href=\"http:\/\/www.sgmeschede-nord.de\/wpress\/wp-content\/uploads\/2019\/06\/nordwind2019_web.pdf\"\n\t\t\t\t\t>\n\t\t\t<img \n\tsrc=\"https:\/\/www.sgmeschede-nord.de\/wpress\/wp-content\/uploads\/2019\/06\/nordwind2019_cover_310x220.jpg\" width=\"220\" height=\"311\" srcset=\"https:\/\/www.sgmeschede-nord.de\/wpress\/wp-content\/uploads\/2019\/06\/nordwind2019_cover_310x220.jpg 220w, https:\/\/www.sgmeschede-nord.de\/wpress\/wp-content\/uploads\/2019\/06\/nordwind2019_cover_310x220-212x300.jpg 212w\" sizes=\"(max-width: 220px) 100vw, 220px\" alt=\"\" \t\tclass=\"so-widget-image\"\/>\n\t\t\t<\/a><\/div>\n\n<\/div><\/div><\/div><div id=\"pgc-4037-2-3\"  class=\"panel-grid-cell\" ><div id=\"panel-4037-2-3-0\" class=\"so-panel widget widget_text panel-first-child\" data-index=\"15\" ><h3 class=\"widget-title\">Nordwind 2018<\/h3>\t\t\t<div class=\"textwidget\"><strong><a href=\"http:\/\/www.sgmeschede-nord.de\/wpress\/wp-content\/uploads\/2018\/06\/nordwind2018_web.pdf\" target=\"_blank\"> &raquo Download<\/a><\/strong><\/div>\n\t\t<\/div><div id=\"panel-4037-2-3-1\" class=\"so-panel widget widget_sow-image panel-last-child\" data-index=\"16\" ><div\n\t\t\t\n\t\t\tclass=\"so-widget-sow-image so-widget-sow-image-default-8b5b6f678277-4037\"\n\t\t\t\n\t\t>\n<div class=\"sow-image-container\">\n\t\t\t<a href=\"http:\/\/www.sgmeschede-nord.de\/wpress\/wp-content\/uploads\/2018\/06\/nordwind2018_web.pdf\"\n\t\t\t\t\t>\n\t\t\t<img \n\tsrc=\"https:\/\/www.sgmeschede-nord.de\/wpress\/wp-content\/uploads\/2016\/06\/nordwind2018_homepage.jpg\" width=\"218\" height=\"308\" srcset=\"https:\/\/www.sgmeschede-nord.de\/wpress\/wp-content\/uploads\/2016\/06\/nordwind2018_homepage.jpg 218w, https:\/\/www.sgmeschede-nord.de\/wpress\/wp-content\/uploads\/2016\/06\/nordwind2018_homepage-212x300.jpg 212w\" sizes=\"(max-width: 218px) 100vw, 218px\" alt=\"\" \t\tclass=\"so-widget-image\"\/>\n\t\t\t<\/a><\/div>\n\n<\/div><\/div><\/div><\/div><div id=\"pg-4037-3\"  class=\"panel-grid panel-no-style\" ><div id=\"pgc-4037-3-0\"  class=\"panel-grid-cell\" ><div id=\"panel-4037-3-0-0\" class=\"so-panel widget widget_text panel-first-child\" data-index=\"17\" ><h3 class=\"widget-title\">Nordwind 2017<\/h3>\t\t\t<div class=\"textwidget\"><strong><a href=\"http:\/\/www.sgmeschede-nord.de\/nordwind\/nordwind2017_web.pdf\" target=\"_blank\">&raquo Download<\/a><\/strong>\n\n<\/div>\n\t\t<\/div><div id=\"panel-4037-3-0-1\" class=\"so-panel widget widget_sow-image panel-last-child\" data-index=\"18\" ><div\n\t\t\t\n\t\t\tclass=\"so-widget-sow-image so-widget-sow-image-default-8b5b6f678277-4037\"\n\t\t\t\n\t\t>\n<div class=\"sow-image-container\">\n\t\t\t<a href=\"http:\/\/www.sgmeschede-nord.de\/nordwind\/nordwind2017_web.pdf\"\n\t\t\t\t\t>\n\t\t\t<img \n\tsrc=\"https:\/\/www.sgmeschede-nord.de\/wpress\/wp-content\/uploads\/2017\/06\/nordwind2017.png\" width=\"221\" height=\"305\" srcset=\"https:\/\/www.sgmeschede-nord.de\/wpress\/wp-content\/uploads\/2017\/06\/nordwind2017.png 221w, https:\/\/www.sgmeschede-nord.de\/wpress\/wp-content\/uploads\/2017\/06\/nordwind2017-217x300.png 217w\" sizes=\"(max-width: 221px) 100vw, 221px\" alt=\"\" \t\tclass=\"so-widget-image\"\/>\n\t\t\t<\/a><\/div>\n\n<\/div><\/div><\/div><div id=\"pgc-4037-3-1\"  class=\"panel-grid-cell\" ><div id=\"panel-4037-3-1-0\" class=\"so-panel widget widget_text panel-first-child\" data-index=\"19\" ><h3 class=\"widget-title\">Nordwind 2016<\/h3>\t\t\t<div class=\"textwidget\"><strong><a href=\"http:\/\/www.sgmeschede-nord.de\/nordwind\/nordwind2016-web.pdf\" target=\"_blank\">&raquo Download<\/a><\/strong>\n\n<\/div>\n\t\t<\/div><div id=\"panel-4037-3-1-1\" class=\"so-panel widget widget_sow-image panel-last-child\" data-index=\"20\" ><div\n\t\t\t\n\t\t\tclass=\"so-widget-sow-image so-widget-sow-image-default-8b5b6f678277-4037\"\n\t\t\t\n\t\t>\n<div class=\"sow-image-container\">\n\t\t\t<a href=\"http:\/\/www.sgmeschede-nord.de\/nordwind\/nordwind2016-web.pdf\"\n\t\t\t\t\t>\n\t\t\t<img \n\tsrc=\"http:\/\/www.sgmeschede-nord.de\/wpress\/wp-content\/uploads\/2016\/06\/nordwind2016.png\" title=\"Mescheder-Nordwind\" alt=\"\" \t\tclass=\"so-widget-image\"\/>\n\t\t\t<\/a><\/div>\n\n<\/div><\/div><\/div><div id=\"pgc-4037-3-2\"  class=\"panel-grid-cell\" ><div id=\"panel-4037-3-2-0\" class=\"so-panel widget widget_text panel-first-child\" data-index=\"21\" ><h3 class=\"widget-title\">Nordwind 2015<\/h3>\t\t\t<div class=\"textwidget\"><strong><a href=\"http:\/\/www.sgmeschede-nord.de\/Nordwind\/nordwind2015_web.pdf\" target=\"_blank\">&raquo Download<\/a><\/strong><\/div>\n\t\t<\/div><div id=\"panel-4037-3-2-1\" class=\"so-panel widget widget_sow-image panel-last-child\" data-index=\"22\" ><div\n\t\t\t\n\t\t\tclass=\"so-widget-sow-image so-widget-sow-image-default-8b5b6f678277-4037\"\n\t\t\t\n\t\t>\n<div class=\"sow-image-container\">\n\t\t\t<a href=\"http:\/\/www.sgmeschede-nord.de\/Nordwind\/nordwind2015_web.pdf\"\n\t\t\ttarget=\"_blank\" rel=\"noopener noreferrer\" \t\t>\n\t\t\t<img \n\tsrc=\"http:\/\/www.sgmeschede-nord.de\/wpress\/wp-content\/uploads\/2015\/06\/nordwind2015.png\" title=\"Mescheder-Nordwind\" alt=\"\" \t\tclass=\"so-widget-image\"\/>\n\t\t\t<\/a><\/div>\n\n<\/div><\/div><\/div><div id=\"pgc-4037-3-3\"  class=\"panel-grid-cell\" ><div id=\"panel-4037-3-3-0\" class=\"so-panel widget widget_text panel-first-child\" data-index=\"23\" ><h3 class=\"widget-title\">Nordwind 2014<\/h3>\t\t\t<div class=\"textwidget\"><strong><a href=\"http:\/\/www.sgmeschede-nord.de\/Nordwind\/nordwind2014.pdf\" target=\"_blank\">&raquo Download<\/a><\/strong><\/div>\n\t\t<\/div><div id=\"panel-4037-3-3-1\" class=\"so-panel widget widget_sow-image panel-last-child\" data-index=\"24\" ><div\n\t\t\t\n\t\t\tclass=\"so-widget-sow-image so-widget-sow-image-default-8b5b6f678277-4037\"\n\t\t\t\n\t\t>\n<div class=\"sow-image-container\">\n\t\t\t<a href=\"http:\/\/www.sgmeschede-nord.de\/Nordwind\/nordwind2014.pdf\"\n\t\t\ttarget=\"_blank\" rel=\"noopener noreferrer\" \t\t>\n\t\t\t<img \n\tsrc=\"http:\/\/www.sgmeschede-nord.de\/wpress\/wp-content\/uploads\/2013\/02\/nordwind2014.jpg\" title=\"Mescheder-Nordwind\" alt=\"\" \t\tclass=\"so-widget-image\"\/>\n\t\t\t<\/a><\/div>\n\n<\/div><\/div><\/div><\/div><div id=\"pg-4037-4\"  class=\"panel-grid panel-no-style\" ><div id=\"pgc-4037-4-0\"  class=\"panel-grid-cell\" ><div id=\"panel-4037-4-0-0\" class=\"so-panel widget widget_text panel-first-child\" data-index=\"25\" ><h3 class=\"widget-title\">Nordwind 2013<\/h3>\t\t\t<div class=\"textwidget\"><strong><a href=\"http:\/\/www.sgmeschede-nord.de\/Nordwind\/Nordwind2013-FINAL-web.pdf\" target=\"_blank\">&raquo Download<\/a><\/strong><\/div>\n\t\t<\/div><div id=\"panel-4037-4-0-1\" class=\"so-panel widget widget_sow-image panel-last-child\" data-index=\"26\" ><div\n\t\t\t\n\t\t\tclass=\"so-widget-sow-image so-widget-sow-image-default-8b5b6f678277-4037\"\n\t\t\t\n\t\t>\n<div class=\"sow-image-container\">\n\t\t\t<a href=\"http:\/\/www.sgmeschede-nord.de\/Nordwind\/Nordwind2013-FINAL-web.pdf\"\n\t\t\ttarget=\"_blank\" rel=\"noopener noreferrer\" \t\t>\n\t\t\t<img \n\tsrc=\"https:\/\/www.sgmeschede-nord.de\/wpress\/wp-content\/uploads\/2013\/07\/nordwind2013.png\" width=\"220\" height=\"310\" srcset=\"https:\/\/www.sgmeschede-nord.de\/wpress\/wp-content\/uploads\/2013\/07\/nordwind2013.png 220w, https:\/\/www.sgmeschede-nord.de\/wpress\/wp-content\/uploads\/2013\/07\/nordwind2013-212x300.png 212w\" sizes=\"(max-width: 220px) 100vw, 220px\" alt=\"\" \t\tclass=\"so-widget-image\"\/>\n\t\t\t<\/a><\/div>\n\n<\/div><\/div><\/div><div id=\"pgc-4037-4-1\"  class=\"panel-grid-cell\" ><div id=\"panel-4037-4-1-0\" class=\"so-panel widget widget_text panel-first-child\" data-index=\"27\" ><h3 class=\"widget-title\">Nordwind 2012<\/h3>\t\t\t<div class=\"textwidget\"><strong><a href=\"http:\/\/www.sgmeschede-nord.de\/Nordwind\/nordwind2012_web.pdf\" target=\"_blank\">&raquo Download <\/a><\/strong><\/div>\n\t\t<\/div><div id=\"panel-4037-4-1-1\" class=\"so-panel widget widget_sow-image panel-last-child\" data-index=\"28\" ><div\n\t\t\t\n\t\t\tclass=\"so-widget-sow-image so-widget-sow-image-default-8b5b6f678277-4037\"\n\t\t\t\n\t\t>\n<div class=\"sow-image-container\">\n\t\t\t<a href=\"http:\/\/www.sgmeschede-nord.de\/Nordwind\/nordwind2012_web.pdf\"\n\t\t\ttarget=\"_blank\" rel=\"noopener noreferrer\" \t\t>\n\t\t\t<img \n\tsrc=\"http:\/\/www.sgmeschede-nord.de\/wpress\/wp-content\/uploads\/2013\/02\/nordwind2012.jpg\" title=\"Mescheder-Nordwind\" alt=\"\" \t\tclass=\"so-widget-image\"\/>\n\t\t\t<\/a><\/div>\n\n<\/div><\/div><\/div><div id=\"pgc-4037-4-2\"  class=\"panel-grid-cell\" ><div id=\"panel-4037-4-2-0\" class=\"so-panel widget widget_text panel-first-child\" data-index=\"29\" ><h3 class=\"widget-title\">Nordwind 2011<\/h3>\t\t\t<div class=\"textwidget\"><strong><a href=\"http:\/\/www.sgmeschede-nord.de\/Nordwind\/Nordwind2011_web.pdf\" target=\"_blank\">&raquo Download<\/a><\/strong><\/div>\n\t\t<\/div><div id=\"panel-4037-4-2-1\" class=\"so-panel widget widget_sow-image panel-last-child\" data-index=\"30\" ><div\n\t\t\t\n\t\t\tclass=\"so-widget-sow-image so-widget-sow-image-default-8b5b6f678277-4037\"\n\t\t\t\n\t\t>\n<div class=\"sow-image-container\">\n\t\t\t<a href=\"http:\/\/www.sgmeschede-nord.de\/Nordwind\/Nordwind2011_web.pdf\"\n\t\t\ttarget=\"_blank\" rel=\"noopener noreferrer\" \t\t>\n\t\t\t<img \n\tsrc=\"http:\/\/www.sgmeschede-nord.de\/wpress\/wp-content\/uploads\/2013\/02\/nordwind2011.jpg\" title=\"Mescheder-Nordwind\" alt=\"\" \t\tclass=\"so-widget-image\"\/>\n\t\t\t<\/a><\/div>\n\n<\/div><\/div><\/div><div id=\"pgc-4037-4-3\"  class=\"panel-grid-cell\" ><div id=\"panel-4037-4-3-0\" class=\"so-panel widget widget_text panel-first-child\" data-index=\"31\" ><h3 class=\"widget-title\">Nordwind 2010<\/h3>\t\t\t<div class=\"textwidget\"><strong><a href=\"http:\/\/www.sgmeschede-nord.de\/Nordwind\/Mescheder-Nordwind-Final2010.pdf\" target=\"_blank\">&raquo Download<\/a><\/strong><\/div>\n\t\t<\/div><div id=\"panel-4037-4-3-1\" class=\"so-panel widget widget_sow-image panel-last-child\" data-index=\"32\" ><div\n\t\t\t\n\t\t\tclass=\"so-widget-sow-image so-widget-sow-image-default-8b5b6f678277-4037\"\n\t\t\t\n\t\t>\n<div class=\"sow-image-container\">\n\t\t\t<a href=\"http:\/\/www.sgmeschede-nord.de\/Nordwind\/Mescheder-Nordwind-Final2010.pdf\"\n\t\t\ttarget=\"_blank\" rel=\"noopener noreferrer\" \t\t>\n\t\t\t<img \n\tsrc=\"http:\/\/www.sgmeschede-nord.de\/wpress\/wp-content\/uploads\/2013\/02\/nordwind2010.jpg\" title=\"Mescheder-Nordwind\" alt=\"\" \t\tclass=\"so-widget-image\"\/>\n\t\t\t<\/a><\/div>\n\n<\/div><\/div><\/div><\/div><div id=\"pg-4037-5\"  class=\"panel-grid panel-no-style\" ><div id=\"pgc-4037-5-0\"  class=\"panel-grid-cell\" ><div id=\"panel-4037-5-0-0\" class=\"so-panel widget widget_text panel-first-child\" data-index=\"33\" ><h3 class=\"widget-title\">Nordwind 2009<\/h3>\t\t\t<div class=\"textwidget\"><strong><a href=\"http:\/\/www.sgmeschede-nord.de\/Nordwind\/Mescheder-Nordwind-Final2009.pdf\" target=\"_blank\">&raquo Download <\/a><\/strong><\/div>\n\t\t<\/div><div id=\"panel-4037-5-0-1\" class=\"so-panel widget widget_sow-image panel-last-child\" data-index=\"34\" ><div\n\t\t\t\n\t\t\tclass=\"so-widget-sow-image so-widget-sow-image-default-8b5b6f678277-4037\"\n\t\t\t\n\t\t>\n<div class=\"sow-image-container\">\n\t\t\t<a href=\"http:\/\/www.sgmeschede-nord.de\/Nordwind\/Mescheder-Nordwind-Final2009.pdf\"\n\t\t\ttarget=\"_blank\" rel=\"noopener noreferrer\" \t\t>\n\t\t\t<img \n\tsrc=\"http:\/\/www.sgmeschede-nord.de\/wpress\/wp-content\/uploads\/2013\/02\/nordwind2009.jpg\" title=\"Mescheder-Nordwind\" alt=\"\" \t\tclass=\"so-widget-image\"\/>\n\t\t\t<\/a><\/div>\n\n<\/div><\/div><\/div><div id=\"pgc-4037-5-1\"  class=\"panel-grid-cell\" ><div id=\"panel-4037-5-1-0\" class=\"so-panel widget widget_text panel-first-child\" data-index=\"35\" ><h3 class=\"widget-title\">Nordwind 2008<\/h3>\t\t\t<div class=\"textwidget\"><strong><a href=\"http:\/\/www.sgmeschede-nord.de\/Nordwind\/Mescheder-Nordwind-Final2008.pdf\" target=\"_blank\">&raquo Download<\/a><\/strong><\/div>\n\t\t<\/div><div id=\"panel-4037-5-1-1\" class=\"so-panel widget widget_sow-image panel-last-child\" data-index=\"36\" ><div\n\t\t\t\n\t\t\tclass=\"so-widget-sow-image so-widget-sow-image-default-8b5b6f678277-4037\"\n\t\t\t\n\t\t>\n<div class=\"sow-image-container\">\n\t\t\t<a href=\"http:\/\/www.sgmeschede-nord.de\/Nordwind\/Mescheder-Nordwind-Final2008.pdf\"\n\t\t\ttarget=\"_blank\" rel=\"noopener noreferrer\" \t\t>\n\t\t\t<img \n\tsrc=\"http:\/\/www.sgmeschede-nord.de\/wpress\/wp-content\/uploads\/2013\/02\/nordwind2008.png\" title=\"Mescheder-Nordwind\" alt=\"\" \t\tclass=\"so-widget-image\"\/>\n\t\t\t<\/a><\/div>\n\n<\/div><\/div><\/div><div id=\"pgc-4037-5-2\"  class=\"panel-grid-cell\" ><div id=\"panel-4037-5-2-0\" class=\"so-panel widget widget_text panel-first-child\" data-index=\"37\" ><h3 class=\"widget-title\">Nordwind 2007<\/h3>\t\t\t<div class=\"textwidget\"><strong><a href=\"http:\/\/www.sgmeschede-nord.de\/Nordwind\/Mescheder-Nordwind-Final2007.pdf\" target=\"_blank\">&raquo Download<\/a><\/strong><\/div>\n\t\t<\/div><div id=\"panel-4037-5-2-1\" class=\"so-panel widget widget_sow-image panel-last-child\" data-index=\"38\" ><div\n\t\t\t\n\t\t\tclass=\"so-widget-sow-image so-widget-sow-image-default-8b5b6f678277-4037\"\n\t\t\t\n\t\t>\n<div class=\"sow-image-container\">\n\t\t\t<a href=\"http:\/\/www.sgmeschede-nord.de\/Nordwind\/Mescheder-Nordwind-Final2007.pdf\"\n\t\t\ttarget=\"_blank\" rel=\"noopener noreferrer\" \t\t>\n\t\t\t<img \n\tsrc=\"http:\/\/www.sgmeschede-nord.de\/wpress\/wp-content\/uploads\/2013\/02\/nordwind2007.png\" title=\"Mescheder-Nordwind\" alt=\"\" \t\tclass=\"so-widget-image\"\/>\n\t\t\t<\/a><\/div>\n\n<\/div><\/div><\/div><div id=\"pgc-4037-5-3\"  class=\"panel-grid-cell\" ><div id=\"panel-4037-5-3-0\" class=\"so-panel widget widget_text panel-first-child\" data-index=\"39\" ><h3 class=\"widget-title\">Nordwind 2006<\/h3>\t\t\t<div class=\"textwidget\"><strong><a href=\"http:\/\/www.sgmeschede-nord.de\/Nordwind\/Mescheder-Nordwind-Final2006.pdf\" target=\"_blank\">&raquo Download <\/a><\/strong><\/div>\n\t\t<\/div><div id=\"panel-4037-5-3-1\" class=\"so-panel widget widget_sow-image panel-last-child\" data-index=\"40\" ><div\n\t\t\t\n\t\t\tclass=\"so-widget-sow-image so-widget-sow-image-default-8b5b6f678277-4037\"\n\t\t\t\n\t\t>\n<div class=\"sow-image-container\">\n\t\t\t<a href=\"http:\/\/www.sgmeschede-nord.de\/Nordwind\/Mescheder-Nordwind-Final2006.pdf\"\n\t\t\ttarget=\"_blank\" rel=\"noopener noreferrer\" \t\t>\n\t\t\t<img \n\tsrc=\"http:\/\/www.sgmeschede-nord.de\/wpress\/wp-content\/uploads\/2013\/02\/nordwind2006.png\" title=\"Mescheder-Nordwind\" alt=\"\" \t\tclass=\"so-widget-image\"\/>\n\t\t\t<\/a><\/div>\n\n<\/div><\/div><\/div><\/div><div id=\"pg-4037-6\"  class=\"panel-grid panel-no-style\" ><div id=\"pgc-4037-6-0\"  class=\"panel-grid-cell\" ><div id=\"panel-4037-6-0-0\" class=\"so-panel widget widget_text panel-first-child panel-last-child\" data-index=\"41\" ><h3 class=\"widget-title\">Ansprechpartner<\/h3>\t\t\t<div class=\"textwidget\">Eine komplette \u00dcbersicht des gesch\u00e4ftsf\u00fchrenden und repr\u00e4sentierenden Vorstandes ist auf der folgenden Seite zu finden: <br>\n<a href=\"http:\/\/www.sgmeschede-nord.de\/wpress\/?page_id=4079\"><strong>Gesamtvorstand Sch\u00fctzengemeinschaft Meschede-Nord<\/strong><\/a> <\/div>\n\t\t<\/div><\/div><\/div><\/div>","protected":false},"excerpt":{"rendered":"<p>Im Fr\u00fchjahr 1995 entstand erstmals die Idee eine Sch\u00fctzenfestzeitung, den \u201eMescheder Nordwind\u201c zu ver\u00f6ffentlichen. Das Magazin wird jeweils in der Woche vor dem Sch\u00fctzenfest an Mescheder Haushalte verteilt. Ein gro\u00dfes Dankesch\u00f6n geht an dieses Stelle an die vielen Sponsoren, die das Erscheinen der Zeitung erst erm\u00f6glichen.<\/p>\n","protected":false},"author":1,"featured_media":0,"parent":0,"menu_order":3,"comment_status":"closed","ping_status":"closed","template":"template-fullwidth.php","meta":{"pgc_sgb_lightbox_settings":"","footnotes":""},"class_list":["post-4037","page","type-page","status-publish","hentry"],"_links":{"self":[{"href":"https:\/\/www.sgmeschede-nord.de\/wpress\/wp-json\/wp\/v2\/pages\/4037","targetHints":{"allow":["GET"]}}],"collection":[{"href":"https:\/\/www.sgmeschede-nord.de\/wpress\/wp-json\/wp\/v2\/pages"}],"about":[{"href":"https:\/\/www.sgmeschede-nord.de\/wpress\/wp-json\/wp\/v2\/types\/page"}],"author":[{"embeddable":true,"href":"https:\/\/www.sgmeschede-nord.de\/wpress\/wp-json\/wp\/v2\/users\/1"}],"replies":[{"embeddable":true,"href":"https:\/\/www.sgmeschede-nord.de\/wpress\/wp-json\/wp\/v2\/comments?post=4037"}],"version-history":[{"count":65,"href":"https:\/\/www.sgmeschede-nord.de\/wpress\/wp-json\/wp\/v2\/pages\/4037\/revisions"}],"predecessor-version":[{"id":11255,"href":"https:\/\/www.sgmeschede-nord.de\/wpress\/wp-json\/wp\/v2\/pages\/4037\/revisions\/11255"}],"wp:attachment":[{"href":"https:\/\/www.sgmeschede-nord.de\/wpress\/wp-json\/wp\/v2\/media?parent=4037"}],"curies":[{"name":"wp","href":"https:\/\/api.w.org\/{rel}","templated":true}]}}