{"id":413,"date":"2013-02-07T16:57:46","date_gmt":"2013-02-07T15:57:46","guid":{"rendered":"http:\/\/www.sgmeschede-nord.de\/wpress\/?page_id=413"},"modified":"2018-05-22T16:26:39","modified_gmt":"2018-05-22T14:26:39","slug":"kontakt","status":"publish","type":"page","link":"https:\/\/www.sgmeschede-nord.de\/wpress\/kontakt\/","title":{"rendered":"Kontakt"},"content":{"rendered":"<p>Sie m\u00f6chten mit uns Kontakt aufnehmen? Da sind Sie hier vollkommen richtig. Bitte f\u00fcllen Sie die folgenden Formularfelder aus. Wir werden uns so schnell wie m\u00f6glich um ihr Anliegen k\u00fcmmern und bei Ihnen melden.<\/p>\n\t\r\n\t\r\n\t\t\t\t\t\t<form  name= \"wpdevart_frontend_form_1\" id='wpdevart-forms-1' class=\"wpdevart_forms_count_0 wpdevart_forms_class_1 wpdevart-forms default-skin forms-general-styling\" method='post'  action='' enctype='multipart\/form-data'>\r\n\t\r\n\t\t\t\t\t\t                                            <!--bfh-number -->\r\n                                            <div class=\"wpdevart-input-field \">\r\n                                                 \r\n                                                        <label>Name<\/label>\r\n                                                        \r\n                                                <div class=\"input-text input-field-inner\">\r\n                                                                                                        <input  type=\"text\"  \r\n                                                            id =\"input-field-2\"\r\n                                                            name=\"label_2\"                                                               value=\"\"  class=\"form-control  \" \r\n                                                            placeholder=\"\" \r\n                                                             \r\n                                                           \/>\r\n                                                <\/div>\r\n                                            <\/div>\r\n\t\t\t\t\t\t\t\t\t\t                                            <!--bfh-number -->\r\n                                            <div class=\"wpdevart-input-field \">\r\n                                                 \r\n                                                        <label>Mail<\/label>\r\n                                                        \r\n                                                <div class=\"input-email input-field-inner\">\r\n                                                                                                        <input  type=\"email\"  \r\n                                                            id =\"input-field-3\"\r\n                                                            name=\"label_3\"   required                                                            value=\"\"  class=\"form-control  \" \r\n                                                            placeholder=\"\" \r\n                                                             \r\n                                                           \/>\r\n                                                <\/div>\r\n                                            <\/div>\r\n\t\t\t\t\t\t\t\t\t\t\t\t\t\t\t\t\t\t\t<div class=\"wpdevart-textarea\">\r\n\t\t\t\t\t\t\t\t\t\t \r\n\t\t\t\t\t\t\t\t\t\t\t\t<label>Nachricht <\/label> \r\n\t\t\t\t\t\t\t\t\t\t \r\n\t\t\t\t\t\t\t\t\t\t<textarea name=\"label_6\" placeholder=\"\"><\/textarea> \r\n\t\t\t\t\t\t\t\t\t<\/div>\r\n\t\t\t\t\t\t\t\t\t\t\t\t\t\t\t\t\t\t<div class=\"wpdevart-sub-fields\">\r\n\t\r\n\t\t\t\t\t\t\t\t\t \r\n\t\t\t\t\t\t\t\t\t\t\t<label>Datenschutzerkl\u00e4rung<\/label>\r\n\t\t\t\t\t\t\t\t\t\t\r\n\t\t\t\t\t\t\t\t\t<div class=\"wpdevart-sub-fields-inner\">\r\n\t\t\t\t\t\t\t\t\t\t\t\t\t\t\t\t\t\t\t\t<span class=\"checkboxradios\">\r\n\t\t\t\t\t\t\t\t\t\t\t\t<input type=\"checkbox\"   name=\"sublabel_7[]\" id=\"sublabel_7_1\" value=\"Ich erkl\u00e4re, dass ich damit einverstanden bin, dass die von mir angegeben Daten durch die Sch\u00fctzengemeinschaft Meschede-Nord e.V. zur weiteren Kontaktaufnahme gespeichert und verarbeitet werden.\"  \/>\r\n                                                <label for=\"sublabel_7_1\"><span><\/span> Ich erkl\u00e4re, dass ich damit einverstanden bin, dass die von mir angegeben Daten durch die Sch\u00fctzengemeinschaft Meschede-Nord e.V. zur weiteren Kontaktaufnahme gespeichert und verarbeitet werden.<\/label>\r\n\t\t\t\t\t\t\t\t\t\t\t<\/span>\r\n\t\t\t\t\t\t\t\t\t\t\t\t\t\t\t\t\t\t\t\t<\/div><\/div>\r\n\t\t\t\t\t\t\t\t\t\t\r\n                       \r\n\t\t\t\t\t   \t\t\t\t\t\t<input type=\"hidden\" name=\"form_id\" value=\"1\" \/>  \r\n\t\t\t\t\t\t<!--<input type=\"submit\" value='Senden' id=\"btn_send_form_email_1\" name=\"btn_send_form_email\" \/>-->\r\n\t\t\t\t\t\t<button type=\"submit\" name=\"btn_send_form_email\" id=\"btn_send_form_email_1\" >Senden<\/button>\r\n\t\t\t\t\t\t\t\r\n\t\t\t\t\t  <span id=\"loader-icon-1\" style=\"display:none;\" class=\"form-loader\">\r\n\t\t\t\t\t\t<img decoding=\"async\" src=\"https:\/\/www.sgmeschede-nord.de\/wpress\/wp-content\/plugins\/contact-forms-builder-pro\/\/assets\/images\/loader.gif\" \/>\r\n\t\t\t\t\t  <\/span>\r\n\t\r\n\t\t\t\t   <\/form>\r\n\t\r\n\t\t\t\t\t\t<div id=\"frontend_form_messages_1\" class=\"frontend_form_messages\" style=\"margin-top:10px; margin-bottom:10px;\"><\/div>\r\n\t\r\n\t\t\t\t   <script>\r\n\t\r\n\t\t\t\t\t\/\/document\r\n\t\t\t\t\tjQuery( document ).ready(function() {\r\n\t\t\t\t\t\t\/\/\tdonot submit form on enter , allow enter button only for tex\r\n\t\t\t\t\t\tjQuery(document).on(\"keypress\", \":input:not(textarea)\", function(event) {\r\n\t\t\t\t\t\t\treturn event.keyCode != 13;\r\n\t\t\t\t\t\t});\r\n\t\t\t\t\t\t\/\/animation effect\r\n\t\t\t\t\t\t\t\t\t\t\t\t\/\/ do not use previous password saved in broswer for passowrd field\r\n\t\t\t\t\t\tjQuery(\"input[type='password']\").attr(\"autocomplete\", \"new-password\");\r\n\t\r\n\t\t\t\t\t\t\/\/handle form submission\r\n\t\t\t\t\t\t\/\/jQuery(\"form[name='wpdevart_frontend_form_1']\").submit(function(e){\r\n\t\t\t\t\t\tjQuery(document).on(\"submit\", \"form[name='wpdevart_frontend_form_1']\", function(e) {\r\n\t\t\t\t\t\t\t\/\/shortcode attributes e.g\r\n\t\t\t\t\t\t\tvar atts = {\"id\":\"1\"};\r\n\t\t\t\t\t\t\tvar options = { \r\n\t\t\t\t\t\t\t\t\/\/target:'#frontend_form_messages_1',   \/\/ target element(s) to be updated with server response \r\n\t\t\t\t\t\t\t\t\/\/ other available options: \r\n\t\t\t\t\t\t\t\t url:\"https:\/\/www.sgmeschede-nord.de\/wpress\/wp-admin\/admin-ajax.php\",        \/\/ override for form's 'action' attribute \r\n\t\t\t\t\t\t\t\t\/\/url:\"https:\/\/www.sgmeschede-nord.de\/wpress\/wp-content\/plugins\/contact-forms-builder-pro\/check-ajax.php\",\r\n\t\t\t\t\t\t\t\tdata:{'btn_send_form_email':'1','process_ajax':'1','atts':JSON.stringify(atts),'action':'get_post_information'},\r\n\t\t\t\t\t\t\t\t\/\/type:      type        \/\/ 'get' or 'post', override for form's 'method' attribute \r\n\t\t\t\t\t\t\t\t\/\/dataType:  null        \/\/ 'xml', 'script', or 'json' (expected server response type) \r\n\t\t\t\t\t\t\t\t\/\/clearForm: true ,       \/\/ clear all form fields after successful submit \r\n\t\t\t\t\t\t\t\t\/\/resetForm: true  ,      \/\/ reset the form after successful submit \r\n\t\r\n\t\t\t\t\t\t\t\t\/\/ $.ajax options can be used here too, for example: \r\n\t\t\t\t\t\t\t\t\/\/timeout:   3000 \r\n\t\r\n\t\t\t\t\t\t\t\tbeforeSubmit: function() {\r\n\t\t\t\t\t\t\t\t\tjQuery(\"#loader-icon-1\").show();\r\n\t\t\t\t\t\t\t\t},\r\n\t\t\t\t\t\t\t\tsuccess:showResponse, \/\/ post-submit callback \r\n\t\t\t\t\t\t\t }; \r\n\t\r\n\t\t\t\t\t\t\t\/\/ inside event callbacks 'this' is the DOM element so we first \r\n\t\t\t\t\t\t\t\/\/ wrap it in a jQuery object and then invoke ajaxSubmit \r\n\t\t\t\t\t\t\tjQuery(this).ajaxSubmit(options); \r\n\t\r\n\t\t\t\t\t\t\t\/\/ !!! Important !!! \r\n\t\t\t\t\t\t\t\/\/ always return false to prevent standard browser submit and page navigation \r\n\t\t\t\t\t\t\treturn false; \r\n\t\t\t\t\t\t}); \r\n\t\r\n\t\r\n\t\t\t\t\t\tfunction showResponse(responseText, statusText, xhr, $form) {\r\n\t\t\t\t\t\t\tstr = responseText;\r\n\t\t\t\t\t\t\t\/\/replace first occurence \r\n\t\t\t\t\t\t\tstr = str.replace(\"successmsg_\", \" \"); \r\n\t\t\t\t\t\t\t\/\/ append response\r\n\t\t\t\t\t\t\tconsole.log($form)\r\n\t\t\t\t\t\t\tjQuery(\"#frontend_form_messages_1\").text(\" \");\r\n\t\t\t\t\t\t\tjQuery(\"#frontend_form_messages_1\").append(str);\r\n\t\t\t\t\t\t\tjQuery(\".notice-dismiss\").click(function(){\r\n\t\t\t\t\t\t\t\tself=this;\r\n\t\t\t\t\t\t\t\tjQuery(this).parent().parent().slideUp(\"normal\");\r\n\t\t\t\t\t\t\t\tsetTimeout(function(){jQuery(self).parent().parent().remove()},600)\r\n\t\t\t\t\t\t\t})\r\n\t\t\t\t\t\t\t\/*setTimeout(function(){ \r\n\t\t\t\t\t\t\t\t\/\/jQuery(\"#frontend_form_messages_1 .success_message1\").fadeout(); \r\n\t\t\t\t\t\t\t\tjQuery(\"#frontend_form_messages_1 .success_message\").fadeOut();\r\n\t\t\t\t\t\t\t}, 5000);*\/\r\n\t\r\n\t\t\t\t\t\t\t\/\/\tresponseText  , updates the div in target specified in options\r\n\t\t\t\t\t\t\tjQuery(\"#loader-icon-1\").hide();\r\n\t\r\n\t\t\t\t\t\t\tvar matched = responseText.search('successmsg_');\r\n\t\t\t\t\t\t\tif(matched != -1) {\r\n\t\r\n\t\t\t\t\t\t\t\tvar formId = \"1\";\r\n\t\t\t\t\t\t\t\t\t\t\t\t\t\t\t\t\tgrecaptcha.reset();\r\n\t\t\t\t\t\t\t\t\tjQuery('#wpdevart-forms-1').hide();\r\n\t\t\t\t\t\t\t\t\treturn;\r\n\t\t\t\t\t\t\t\t\t\t\r\n\t\t\t\t\t\t\t\tsetTimeout(function(){\r\n\t\t\t\t\t\t\t\t\t\t jQuery('#wpdevart-forms-1')[0].reset(); \r\n\t\t\t\t\t\t\t\t\t\t jQuery(\"#wpdevart-forms-\"+formId).each(function() {\r\n\t\t\t\t\t\t\t\t\t\t\tjQuery(this).find(\".input-file \").each(function(){\r\n\t\t\t\t\t\t\t\t\t\t\t\tjQuery(this).find(\"input\").val(\"\");\r\n\t\t\t\t\t\t\t\t\t\t\t});\r\n\t\t\t\t\t\t\t\t\t\t\tjQuery(this).find(\".file-upload-btn + span\").each(function() {\r\n\t\t\t\t\t\t\t\t\t\t\t\tjQuery(this).text(\"  \");\r\n\t\t\t\t\t\t\t\t\t\t\t});\r\n\t\t\t\t\t\t\t\t\t\t});\r\n\t\t\t\t\t\t\t\t },100);\r\n\t\t\t\t\t\t\t }\r\n\t\t\t\t\t\tgrecaptcha.reset();\r\n\t\t\t\t\t\treturn false;\r\n\t\r\n\t\t\t\t\t\t}\r\n\t\t\t\t\t\tfunction showRequest() {\r\n\t\t\t\t\t\t\treturn false;\r\n\t\t\t\t\t\t}\r\n\t\r\n\t\t\t\t\t\tjQuery(document).on(\"click\",\"[type=reset].ws-reset-form\",function(e){\r\n\t\t\t\t\t\t\tformId= jQuery(this).attr('data-attr');\r\n\t\t\t\t\t\t\t\/\/reset\t\t\t\t\t\t\t\r\n\t\t\t\t\t\t\tjQuery(\"#wpdevart-forms-\"+formId).each(function(){\r\n\t\t\t\t\t\t\t\t\tjQuery(this).find(\".input-file \").each(function(){\r\n\t\t\t\t\t\t\t\t\t\tjQuery(this).find(\"input\").val(\"\");\r\n\t\t\t\t\t\t\t\t\t});\r\n\t\t\t\t\t\t\t\t\tjQuery(this).find(\".file-upload-btn + span\").each(function(){\r\n\t\t\t\t\t\t\t\t\t\tjQuery(this).text(\"  \");\r\n\t\t\t\t\t\t\t\t\t});\r\n\t\t\t\t\t\t\t\t\tjQuery(\"#wpdevart-forms-\"+formId)[0].reset();\r\n\t\t\t\t\t\t\t\t});\r\n\t\t\t\t\t\t\tgrecaptcha.reset();\r\n\t\t\t\t\t\t\treturn false;\r\n\t\r\n\t\t\t\t\t\t});\r\n\t\t\t\t\t});\r\n\t\r\n\t\t\t\t\t<\/script>\r\n\t\t\t\t\n","protected":false},"excerpt":{"rendered":"<p>Sie m\u00f6chten mit uns Kontakt aufnehmen? Da sind Sie hier vollkommen richtig. Bitte f\u00fcllen Sie die folgenden Formularfelder aus. Wir werden uns so schnell wie m\u00f6glich um ihr Anliegen k\u00fcmmern und bei Ihnen melden.<\/p>\n","protected":false},"author":1,"featured_media":0,"parent":0,"menu_order":6,"comment_status":"closed","ping_status":"closed","template":"","meta":{"pgc_sgb_lightbox_settings":"","footnotes":""},"class_list":["post-413","page","type-page","status-publish","hentry"],"_links":{"self":[{"href":"https:\/\/www.sgmeschede-nord.de\/wpress\/wp-json\/wp\/v2\/pages\/413","targetHints":{"allow":["GET"]}}],"collection":[{"href":"https:\/\/www.sgmeschede-nord.de\/wpress\/wp-json\/wp\/v2\/pages"}],"about":[{"href":"https:\/\/www.sgmeschede-nord.de\/wpress\/wp-json\/wp\/v2\/types\/page"}],"author":[{"embeddable":true,"href":"https:\/\/www.sgmeschede-nord.de\/wpress\/wp-json\/wp\/v2\/users\/1"}],"replies":[{"embeddable":true,"href":"https:\/\/www.sgmeschede-nord.de\/wpress\/wp-json\/wp\/v2\/comments?post=413"}],"version-history":[{"count":13,"href":"https:\/\/www.sgmeschede-nord.de\/wpress\/wp-json\/wp\/v2\/pages\/413\/revisions"}],"predecessor-version":[{"id":5569,"href":"https:\/\/www.sgmeschede-nord.de\/wpress\/wp-json\/wp\/v2\/pages\/413\/revisions\/5569"}],"wp:attachment":[{"href":"https:\/\/www.sgmeschede-nord.de\/wpress\/wp-json\/wp\/v2\/media?parent=413"}],"curies":[{"name":"wp","href":"https:\/\/api.w.org\/{rel}","templated":true}]}}