{"id":4203,"date":"2016-07-17T09:42:56","date_gmt":"2016-07-17T07:42:56","guid":{"rendered":"http:\/\/www.sgmeschede-nord.de\/wpress\/?page_id=4203"},"modified":"2020-08-03T15:40:05","modified_gmt":"2020-08-03T13:40:05","slug":"video","status":"publish","type":"page","link":"https:\/\/www.sgmeschede-nord.de\/wpress\/video\/","title":{"rendered":"Video"},"content":{"rendered":"<div id=\"pl-4203\"  class=\"panel-layout\" ><div id=\"pg-4203-0\"  class=\"panel-grid panel-no-style\" ><div id=\"pgc-4203-0-0\"  class=\"panel-grid-cell\" ><div id=\"panel-4203-0-0-0\" class=\"so-panel widget widget_text panel-first-child\" data-index=\"0\" ><h3 class=\"widget-title\">Digitales Sch\u00fctzenfest Meschede-Nord 2020<\/h3>\t\t\t<div class=\"textwidget\"><p><span style=\"color: #030303;\">Bekannterma\u00dfen mussten alle Gro\u00dfveranstaltungen, darunter nat\u00fcrlich auch Sch\u00fctzenfeste, aufgrund der COVID-19 Pandemie abgesagt werden. Da also kein normales Sch\u00fctzenfest stattfinden kann, m\u00f6chten wir euch anstatt dessen auf eine digitale Reise entf\u00fchren. Unter dem Motto vom Festzelt ins Internet findet ihr hier ein lustiges Video wie unser Sch\u00fctzenfest in Meschede-Nord h\u00e4tte ablaufen k\u00f6nnen \u2026 Viel Spa\u00df!<\/span><\/p>\n<\/div>\n\t\t<\/div><div id=\"panel-4203-0-0-1\" class=\"so-panel widget widget_sow-video panel-last-child\" data-index=\"1\" ><div\n\t\t\t\n\t\t\tclass=\"so-widget-sow-video so-widget-sow-video-default-c08170c47cfb-4203\"\n\t\t\t\n\t\t>\n<div class=\"sow-video-wrapper\n\">\n\t\t\t<iframe loading=\"lazy\" title=\"Digitales Sch\u00fctzenfest Meschede-Nord 2020\" width=\"860\" height=\"484\" src=\"https:\/\/www.youtube.com\/embed\/3vHWmT8kZJU?feature=oembed&enablejsapi=1\" frameborder=\"0\" allow=\"accelerometer; autoplay; clipboard-write; encrypted-media; gyroscope; picture-in-picture; web-share\" referrerpolicy=\"strict-origin-when-cross-origin\" allowfullscreen allowfullscreen mozallowfullscreen webkitallowfullscreen sandbox=\"allow-scripts allow-same-origin allow-presentation\"><\/iframe>\t<\/div>\n<\/div><\/div><\/div><\/div><div id=\"pg-4203-1\"  class=\"panel-grid panel-no-style\" ><div id=\"pgc-4203-1-0\"  class=\"panel-grid-cell\" ><div id=\"panel-4203-1-0-0\" class=\"so-panel widget widget_text panel-first-child\" data-index=\"2\" ><h3 class=\"widget-title\">Sch\u00fctzenfest Meschede-Nord 2019<\/h3>\t\t\t<div class=\"textwidget\"><p>Tambourmajor des Spielmannszuges Meschede ist neuer K\u00f6nig im Mescheder Norden. Nach spannenden Dreikampf unter der Vogelstange konnte sich Christian Butz mit dem 524. Schuss gegen seine beiden Konkurrenten durchsetzen. Als K\u00f6nigin begleitet ihn seine Ehefrau Shari. Zuvor schon hatten die Jungsch\u00fctzen den neuen K\u00f6nig aus ihren Reihen ermittelt. Der 17-j\u00e4hrige Tobias Heinemann erlegte den K\u00f6nigsvogel mit dem 162. Schuss. Neuer Vizek\u00f6nig der Sch\u00fctzengemeinschaft wurde mit dem 213. Schuss Chris Hoffmann und w\u00e4hlte sich seine Freundin Sophia Schauerte zu seiner Vizek\u00f6nigin Sophia Schauerte. Bereits am Samstag fand das Schie\u00dfen um die W\u00fcrde des Kaisers statt. Dabei hatte Volker Goesmann das Gl\u00fcck auf seiner Seite und setzte sich gegen die anderen K\u00f6nige durch.<\/p>\n<\/div>\n\t\t<\/div><div id=\"panel-4203-1-0-1\" class=\"so-panel widget widget_sow-video panel-last-child\" data-index=\"3\" ><div\n\t\t\t\n\t\t\tclass=\"so-widget-sow-video so-widget-sow-video-default-c08170c47cfb-4203\"\n\t\t\t\n\t\t>\n<div class=\"sow-video-wrapper\n\">\n\t\t\t<iframe loading=\"lazy\" title=\"Sch\u00fctzenfest Meschede-Nord 2019\" width=\"860\" height=\"484\" src=\"https:\/\/www.youtube.com\/embed\/hVcKJkO7sqI?feature=oembed&enablejsapi=1\" frameborder=\"0\" allow=\"accelerometer; autoplay; clipboard-write; encrypted-media; gyroscope; picture-in-picture; web-share\" referrerpolicy=\"strict-origin-when-cross-origin\" allowfullscreen allowfullscreen mozallowfullscreen webkitallowfullscreen sandbox=\"allow-scripts allow-same-origin allow-presentation\"><\/iframe>\t<\/div>\n<\/div><\/div><\/div><\/div><\/div>","protected":false},"excerpt":{"rendered":"<p>Bekannterma\u00dfen mussten alle Gro\u00dfveranstaltungen, darunter nat\u00fcrlich auch Sch\u00fctzenfeste, aufgrund der COVID-19 Pandemie abgesagt werden. Da also kein normales Sch\u00fctzenfest stattfinden kann, m\u00f6chten wir euch anstatt dessen auf eine digitale Reise entf\u00fchren. Unter dem Motto vom Festzelt ins Internet findet ihr hier ein lustiges Video wie unser Sch\u00fctzenfest in Meschede-Nord h\u00e4tte ablaufen k\u00f6nnen \u2026 Viel Spa\u00df! Tambourmajor des Spielmannszuges Meschede ist [&#8230;]<\/p>\n","protected":false},"author":1,"featured_media":0,"parent":0,"menu_order":6,"comment_status":"closed","ping_status":"closed","template":"","meta":{"pgc_sgb_lightbox_settings":"","footnotes":""},"class_list":["post-4203","page","type-page","status-publish","hentry"],"_links":{"self":[{"href":"https:\/\/www.sgmeschede-nord.de\/wpress\/wp-json\/wp\/v2\/pages\/4203","targetHints":{"allow":["GET"]}}],"collection":[{"href":"https:\/\/www.sgmeschede-nord.de\/wpress\/wp-json\/wp\/v2\/pages"}],"about":[{"href":"https:\/\/www.sgmeschede-nord.de\/wpress\/wp-json\/wp\/v2\/types\/page"}],"author":[{"embeddable":true,"href":"https:\/\/www.sgmeschede-nord.de\/wpress\/wp-json\/wp\/v2\/users\/1"}],"replies":[{"embeddable":true,"href":"https:\/\/www.sgmeschede-nord.de\/wpress\/wp-json\/wp\/v2\/comments?post=4203"}],"version-history":[{"count":23,"href":"https:\/\/www.sgmeschede-nord.de\/wpress\/wp-json\/wp\/v2\/pages\/4203\/revisions"}],"predecessor-version":[{"id":7699,"href":"https:\/\/www.sgmeschede-nord.de\/wpress\/wp-json\/wp\/v2\/pages\/4203\/revisions\/7699"}],"wp:attachment":[{"href":"https:\/\/www.sgmeschede-nord.de\/wpress\/wp-json\/wp\/v2\/media?parent=4203"}],"curies":[{"name":"wp","href":"https:\/\/api.w.org\/{rel}","templated":true}]}}